{"id":2317,"date":"2021-01-29T18:09:04","date_gmt":"2021-01-29T18:09:04","guid":{"rendered":"http:\/\/lacasta-design.com\/estudio\/"},"modified":"2022-11-25T18:07:19","modified_gmt":"2022-11-25T18:07:19","slug":"studio","status":"publish","type":"page","link":"https:\/\/lacasta-design.com\/fr\/studio\/","title":{"rendered":"Studio"},"content":{"rendered":"","protected":false},"excerpt":{"rendered":"","protected":false},"author":1,"featured_media":0,"parent":0,"menu_order":0,"comment_status":"closed","ping_status":"closed","template":"page-estudio.php","meta":{"_monsterinsights_skip_tracking":false,"_monsterinsights_sitenote_active":false,"_monsterinsights_sitenote_note":"","_monsterinsights_sitenote_category":0,"footnotes":""},"class_list":["post-2317","page","type-page","status-publish","hentry"],"yoast_head":"<!-- This site is optimized with the Yoast SEO plugin v26.8 - https:\/\/yoast.com\/product\/yoast-seo-wordpress\/ -->\n<title>Studio - Lacasta Design<\/title>\n<meta name=\"robots\" content=\"index, follow, max-snippet:-1, max-image-preview:large, max-video-preview:-1\" \/>\n<link rel=\"canonical\" href=\"https:\/\/lacasta-design.com\/fr\/studio\/\" \/>\n<meta property=\"og:locale\" content=\"fr_FR\" \/>\n<meta property=\"og:type\" content=\"article\" \/>\n<meta property=\"og:title\" content=\"Studio - Lacasta Design\" \/>\n<meta property=\"og:url\" content=\"https:\/\/lacasta-design.com\/fr\/studio\/\" \/>\n<meta property=\"og:site_name\" content=\"Lacasta Design\" \/>\n<meta property=\"article:modified_time\" content=\"2022-11-25T18:07:19+00:00\" \/>\n<meta name=\"twitter:card\" content=\"summary_large_image\" \/>\n<script type=\"application\/ld+json\" class=\"yoast-schema-graph\">{\"@context\":\"https:\/\/schema.org\",\"@graph\":[{\"@type\":\"WebPage\",\"@id\":\"https:\/\/lacasta-design.com\/fr\/studio\/\",\"url\":\"https:\/\/lacasta-design.com\/fr\/studio\/\",\"name\":\"Studio - Lacasta Design\",\"isPartOf\":{\"@id\":\"https:\/\/lacasta-design.com\/#website\"},\"datePublished\":\"2021-01-29T18:09:04+00:00\",\"dateModified\":\"2022-11-25T18:07:19+00:00\",\"breadcrumb\":{\"@id\":\"https:\/\/lacasta-design.com\/fr\/studio\/#breadcrumb\"},\"inLanguage\":\"fr-FR\",\"potentialAction\":[{\"@type\":\"ReadAction\",\"target\":[\"https:\/\/lacasta-design.com\/fr\/studio\/\"]}]},{\"@type\":\"BreadcrumbList\",\"@id\":\"https:\/\/lacasta-design.com\/fr\/studio\/#breadcrumb\",\"itemListElement\":[{\"@type\":\"ListItem\",\"position\":1,\"name\":\"Portada\",\"item\":\"https:\/\/lacasta-design.com\/fr\/\"},{\"@type\":\"ListItem\",\"position\":2,\"name\":\"Studio\"}]},{\"@type\":\"WebSite\",\"@id\":\"https:\/\/lacasta-design.com\/#website\",\"url\":\"https:\/\/lacasta-design.com\/\",\"name\":\"Lacasta Design\",\"description\":\"Estudio de dise\u00f1o gr\u00e1fico con sede en Madrid y Par\u00eds.\",\"publisher\":{\"@id\":\"https:\/\/lacasta-design.com\/#organization\"},\"potentialAction\":[{\"@type\":\"SearchAction\",\"target\":{\"@type\":\"EntryPoint\",\"urlTemplate\":\"https:\/\/lacasta-design.com\/?s={search_term_string}\"},\"query-input\":{\"@type\":\"PropertyValueSpecification\",\"valueRequired\":true,\"valueName\":\"search_term_string\"}}],\"inLanguage\":\"fr-FR\"},{\"@type\":\"Organization\",\"@id\":\"https:\/\/lacasta-design.com\/#organization\",\"name\":\"Lacasta Design\",\"url\":\"https:\/\/lacasta-design.com\/\",\"logo\":{\"@type\":\"ImageObject\",\"inLanguage\":\"fr-FR\",\"@id\":\"https:\/\/lacasta-design.com\/#\/schema\/logo\/image\/\",\"url\":\"https:\/\/lacasta-design.com\/wp-content\/uploads\/1549901334658.jpg\",\"contentUrl\":\"https:\/\/lacasta-design.com\/wp-content\/uploads\/1549901334658.jpg\",\"width\":200,\"height\":200,\"caption\":\"Lacasta Design\"},\"image\":{\"@id\":\"https:\/\/lacasta-design.com\/#\/schema\/logo\/image\/\"}}]}<\/script>\n<!-- \/ Yoast SEO plugin. -->","yoast_head_json":{"title":"Studio - Lacasta Design","robots":{"index":"index","follow":"follow","max-snippet":"max-snippet:-1","max-image-preview":"max-image-preview:large","max-video-preview":"max-video-preview:-1"},"canonical":"https:\/\/lacasta-design.com\/fr\/studio\/","og_locale":"fr_FR","og_type":"article","og_title":"Studio - Lacasta Design","og_url":"https:\/\/lacasta-design.com\/fr\/studio\/","og_site_name":"Lacasta Design","article_modified_time":"2022-11-25T18:07:19+00:00","twitter_card":"summary_large_image","schema":{"@context":"https:\/\/schema.org","@graph":[{"@type":"WebPage","@id":"https:\/\/lacasta-design.com\/fr\/studio\/","url":"https:\/\/lacasta-design.com\/fr\/studio\/","name":"Studio - Lacasta Design","isPartOf":{"@id":"https:\/\/lacasta-design.com\/#website"},"datePublished":"2021-01-29T18:09:04+00:00","dateModified":"2022-11-25T18:07:19+00:00","breadcrumb":{"@id":"https:\/\/lacasta-design.com\/fr\/studio\/#breadcrumb"},"inLanguage":"fr-FR","potentialAction":[{"@type":"ReadAction","target":["https:\/\/lacasta-design.com\/fr\/studio\/"]}]},{"@type":"BreadcrumbList","@id":"https:\/\/lacasta-design.com\/fr\/studio\/#breadcrumb","itemListElement":[{"@type":"ListItem","position":1,"name":"Portada","item":"https:\/\/lacasta-design.com\/fr\/"},{"@type":"ListItem","position":2,"name":"Studio"}]},{"@type":"WebSite","@id":"https:\/\/lacasta-design.com\/#website","url":"https:\/\/lacasta-design.com\/","name":"Lacasta Design","description":"Estudio de dise\u00f1o gr\u00e1fico con sede en Madrid y Par\u00eds.","publisher":{"@id":"https:\/\/lacasta-design.com\/#organization"},"potentialAction":[{"@type":"SearchAction","target":{"@type":"EntryPoint","urlTemplate":"https:\/\/lacasta-design.com\/?s={search_term_string}"},"query-input":{"@type":"PropertyValueSpecification","valueRequired":true,"valueName":"search_term_string"}}],"inLanguage":"fr-FR"},{"@type":"Organization","@id":"https:\/\/lacasta-design.com\/#organization","name":"Lacasta Design","url":"https:\/\/lacasta-design.com\/","logo":{"@type":"ImageObject","inLanguage":"fr-FR","@id":"https:\/\/lacasta-design.com\/#\/schema\/logo\/image\/","url":"https:\/\/lacasta-design.com\/wp-content\/uploads\/1549901334658.jpg","contentUrl":"https:\/\/lacasta-design.com\/wp-content\/uploads\/1549901334658.jpg","width":200,"height":200,"caption":"Lacasta Design"},"image":{"@id":"https:\/\/lacasta-design.com\/#\/schema\/logo\/image\/"}}]}},"_links":{"self":[{"href":"https:\/\/lacasta-design.com\/fr\/wp-json\/wp\/v2\/pages\/2317","targetHints":{"allow":["GET"]}}],"collection":[{"href":"https:\/\/lacasta-design.com\/fr\/wp-json\/wp\/v2\/pages"}],"about":[{"href":"https:\/\/lacasta-design.com\/fr\/wp-json\/wp\/v2\/types\/page"}],"author":[{"embeddable":true,"href":"https:\/\/lacasta-design.com\/fr\/wp-json\/wp\/v2\/users\/1"}],"replies":[{"embeddable":true,"href":"https:\/\/lacasta-design.com\/fr\/wp-json\/wp\/v2\/comments?post=2317"}],"version-history":[{"count":18,"href":"https:\/\/lacasta-design.com\/fr\/wp-json\/wp\/v2\/pages\/2317\/revisions"}],"predecessor-version":[{"id":4088,"href":"https:\/\/lacasta-design.com\/fr\/wp-json\/wp\/v2\/pages\/2317\/revisions\/4088"}],"wp:attachment":[{"href":"https:\/\/lacasta-design.com\/fr\/wp-json\/wp\/v2\/media?parent=2317"}],"curies":[{"name":"wp","href":"https:\/\/api.w.org\/{rel}","templated":true}]}}